{"id":80,"date":"2020-09-28T10:29:39","date_gmt":"2020-09-28T13:29:39","guid":{"rendered":"http:\/\/brazilimpex.hospedagemdesites.ws\/?page_id=80"},"modified":"2021-05-11T17:23:48","modified_gmt":"2021-05-11T20:23:48","slug":"brazil-impex","status":"publish","type":"page","link":"http:\/\/brazilimpex.net\/en\/brazil-impex\/","title":{"rendered":"Brazil Impex"},"content":{"rendered":"<div data-colibri-id=\"80-c1\" class=\"style-305 style-local-80-c1 position-relative\">\n  <!---->\n  <div data-colibri-component=\"section\" data-colibri-id=\"80-c2\" id=\"about\" class=\"h-section h-section-global-spacing d-flex align-items-lg-center align-items-md-center align-items-center style-449 style-local-80-c2 position-relative\">\n    <!---->\n    <!---->\n    <div class=\"h-section-grid-container h-section-boxed-container\">\n      <!---->\n      <div data-colibri-id=\"80-c3\" data-aos=\"fadeIn\" class=\"h-row-container gutters-row-lg-0 gutters-row-md-0 gutters-row-0 gutters-row-v-lg-0 gutters-row-v-md-0 gutters-row-v-0 style-450 style-local-80-c3 position-relative\">\n        <!---->\n        <div class=\"h-row justify-content-lg-center justify-content-md-center justify-content-center align-items-lg-stretch align-items-md-stretch align-items-stretch gutters-col-lg-0 gutters-col-md-0 gutters-col-0 gutters-col-v-lg-0 gutters-col-v-md-0 gutters-col-v-0\">\n          <!---->\n          <div class=\"h-column h-column-container d-flex h-col-lg-auto h-col-md-auto h-col-auto style-451-outer style-local-80-c4-outer\">\n            <div data-colibri-id=\"80-c4\" class=\"d-flex h-flex-basis h-column__inner h-ui-empty-state-container h-px-lg-0 h-px-md-0 h-px-0 v-inner-lg-0 v-inner-md-0 v-inner-0 style-451 style-local-80-c4 position-relative\">\n              <div class=\"background-wrapper\">\n                <div class=\"background-layer background-layer-media-container-lg\">\n                  <div class=\"background-layer\">\n                    <div id=\"background-video-80-c4-desktop\" data-video=\"http:\/\/brazilimpex.net\/site\/wp-content\/uploads\/2021\/02\/borboletapink.mp4\" data-poster=\"http:\/\/brazilimpex.net\/site\/wp-content\/plugins\/colibri-page-builder-pro\/\/extend-builder\/assets\/images\/colibri-demo-video-cover.jpg\"\n                      data-mime-type=\"video\/mp4\" data-position-x=\"50.0000\" data-position-y=\"50.0000\" data-colibri-component=\"video-background\" class=\"cp-video-bg background-layer colibri-video-background\" style=\"background-image: url(&quot;http:\/\/brazilimpex.net\/site\/wp-content\/plugins\/colibri-page-builder-pro\/\/extend-builder\/assets\/images\/colibri-demo-video-cover.jpg&quot;);\"><\/div>\n                  <\/div>\n                <\/div>\n                <div class=\"background-layer background-layer-media-container-md\">\n                  <div class=\"background-layer\">\n                    <div id=\"background-video-80-c4-tablet\" data-video=\"http:\/\/brazilimpex.net\/site\/wp-content\/uploads\/2021\/02\/borboletapink.mp4\" data-poster=\"http:\/\/brazilimpex.net\/site\/wp-content\/plugins\/colibri-page-builder-pro\/\/extend-builder\/assets\/images\/colibri-demo-video-cover.jpg\"\n                      data-mime-type=\"video\/mp4\" data-position-x=\"50.0000\" data-position-y=\"50.0000\" data-colibri-component=\"video-background\" class=\"cp-video-bg background-layer colibri-video-background\" style=\"background-image: url(&quot;http:\/\/brazilimpex.net\/site\/wp-content\/plugins\/colibri-page-builder-pro\/\/extend-builder\/assets\/images\/colibri-demo-video-cover.jpg&quot;);\"><\/div>\n                  <\/div>\n                <\/div>\n                <div class=\"background-layer background-layer-media-container\">\n                  <div class=\"background-layer\">\n                    <div id=\"background-video-80-c4-mobile\" data-video=\"http:\/\/brazilimpex.net\/site\/wp-content\/uploads\/2021\/02\/borboletapink.mp4\" data-poster=\"http:\/\/brazilimpex.net\/site\/wp-content\/plugins\/colibri-page-builder-pro\/\/extend-builder\/assets\/images\/colibri-demo-video-cover.jpg\"\n                      data-mime-type=\"video\/mp4\" data-position-x=\"50.0000\" data-position-y=\"50.0000\" data-colibri-component=\"video-background\" class=\"cp-video-bg background-layer colibri-video-background\" style=\"background-image: url(&quot;http:\/\/brazilimpex.net\/site\/wp-content\/plugins\/colibri-page-builder-pro\/\/extend-builder\/assets\/images\/colibri-demo-video-cover.jpg&quot;);\"><\/div>\n                  <\/div>\n                <\/div>\n              <\/div>\n              <!---->\n              <div class=\"w-100 h-y-container h-column__content h-column__v-align flex-basis-100\">\n                <!---->\n              <\/div>\n            <\/div>\n          <\/div>\n          <div class=\"h-column h-column-container d-flex h-col-lg-auto h-col-md-auto h-col-auto style-452-outer style-local-80-c5-outer\">\n            <div data-colibri-id=\"80-c5\" class=\"d-flex h-flex-basis h-column__inner h-px-lg-2 h-px-md-2 h-px-2 v-inner-lg-2 v-inner-md-2 v-inner-2 style-452 style-local-80-c5 position-relative\">\n              <!---->\n              <!---->\n              <div class=\"w-100 h-y-container h-column__content h-column__v-align flex-basis-100 align-self-lg-start align-self-md-start align-self-start\">\n                <!---->\n                <div data-colibri-id=\"80-c6\" class=\"h-global-transition-all h-heading style-313 style-local-80-c6 position-relative h-element\">\n                  <!---->\n                  <div class=\"h-heading__outer style-313 style-local-80-c6\">\n                    <!---->\n                    <!---->\n                    <h2 class=\"\">10 years of history<\/h2>\n                  <\/div>\n                <\/div>\n                <div data-colibri-id=\"80-c7\" class=\"h-text h-text-component style-455 style-local-80-c7 justificado position-relative h-element\">\n                  <!---->\n                  <!---->\n                  <div class=\"\">\n                    <p>Brazil Impex has been operating for 10 years with the supply of stones in the domestic and foreign markets for jewelry manufacturers. The main stones we supply are: Emerald, Ruby, Sapphire, Tanzanite, Rubelite, Para\u00edba Tourmaline, Morganite, Kunzite, Blue Topaz and Quartz in general. We also cut calibrated stones for the production line and special cutting orders.<\/p>\n                    <p>Our commitment is to offer differentiated and high quality items at the lowest possible cost so that all links in the distribution chain have competitive conditions and that the final products reach the consumer with an excellent cost-benefit ratio and high perception of value.<\/p>\n                    <p>\n                      <br>\n                    <\/p>\n                    <p>\n                      <br>\n                    <\/p>\n                  <\/div>\n                <\/div>\n              <\/div>\n            <\/div>\n          <\/div>\n        <\/div>\n      <\/div>\n    <\/div>\n  <\/div>\n  <div data-colibri-component=\"section\" data-colibri-id=\"80-c8\" id=\"features-2\" class=\"h-section h-section-global-spacing d-flex align-items-lg-center align-items-md-center align-items-center style-467 style-local-80-c8 position-relative\">\n    <div class=\"background-wrapper\">\n      <div class=\"background-layer background-layer-media-container-lg\">\n        <!---->\n        <div class=\"overlay-layer\">\n          <div class=\"overlay-image-layer\" style=\"background-image: linear-gradient(0deg, rgb(135, 135, 135) 0%, rgba(84, 84, 84, 0.7) 100%);\"><\/div>\n        <\/div>\n      <\/div>\n      <div class=\"background-layer background-layer-media-container-md\">\n        <!---->\n        <div class=\"overlay-layer\">\n          <div class=\"overlay-image-layer\" style=\"background-image: linear-gradient(0deg, rgb(135, 135, 135) 0%, rgba(84, 84, 84, 0.7) 100%);\"><\/div>\n        <\/div>\n      <\/div>\n      <div class=\"background-layer background-layer-media-container\">\n        <!---->\n        <div class=\"overlay-layer\">\n          <div class=\"overlay-image-layer\" style=\"background-image: linear-gradient(0deg, rgb(135, 135, 135) 0%, rgba(84, 84, 84, 0.7) 100%);\"><\/div>\n        <\/div>\n      <\/div>\n    <\/div>\n    <div class=\"h-separator\" style=\"height: 30px; top: calc(0px);\">\n      <svg style=\"fill:rgb(253, 253, 253);\" xmlns=\"http:\/\/www.w3.org\/2000\/svg\" preserveaspectratio=\"none\" viewbox=\"0 0 1000 100\">\n        <path id=\"path2\" d=\"M 1000,0 H 0 v 100 z\" class=\"svg-white-bg\"><\/path>\n      <\/svg>\n    <\/div>\n    <div class=\"h-section-grid-container h-section-boxed-container\">\n      <!---->\n      <div data-colibri-id=\"80-c9\" data-aos=\"fadeIn\" class=\"h-row-container gutters-row-lg-0 gutters-row-md-0 gutters-row-2 gutters-row-v-lg-0 gutters-row-v-md-0 gutters-row-v-0 style-468 style-local-80-c9 position-relative\">\n        <!---->\n        <div class=\"h-row justify-content-lg-start justify-content-md-start justify-content-start align-items-lg-stretch align-items-md-stretch align-items-stretch gutters-col-lg-0 gutters-col-md-0 gutters-col-2 gutters-col-v-lg-0 gutters-col-v-md-0 gutters-col-v-0\">\n          <!---->\n          <div class=\"h-column h-column-container d-flex h-col-lg-4 h-col-md-6 h-col-12 style-480-outer style-local-80-c10-outer\">\n            <div data-colibri-id=\"80-c10\" class=\"d-flex h-flex-basis h-column__inner h-px-lg-3 h-px-md-3 h-px-3 v-inner-lg-3 v-inner-md-3 v-inner-3 style-480 style-local-80-c10 position-relative\">\n              <!---->\n              <!---->\n              <div class=\"w-100 h-y-container h-column__content h-column__v-align flex-basis-100 align-self-lg-start align-self-md-start align-self-start\">\n                <!---->\n                <div data-colibri-id=\"80-c11\" class=\"h-icon style-479 style-local-80-c11 position-relative h-element\">\n                  <!----><span class=\"h-svg-icon h-icon__icon style-479-icon style-local-80-c11-icon\"><!--Icon by Font Awesome (https:\/\/fontawesome.com)--><svg version=\"1.1\" xmlns=\"http:\/\/www.w3.org\/2000\/svg\" xmlns:xlink=\"http:\/\/www.w3.org\/1999\/xlink\" id=\"signal\" viewbox=\"0 0 1792 1896.0833\"><path d=\"M256 1440v192q0 14-9 23t-23 9H32q-14 0-23-9t-9-23v-192q0-14 9-23t23-9h192q14 0 23 9t9 23zm384-128v320q0 14-9 23t-23 9H416q-14 0-23-9t-9-23v-320q0-14 9-23t23-9h192q14 0 23 9t9 23zm384-256v576q0 14-9 23t-23 9H800q-14 0-23-9t-9-23v-576q0-14 9-23t23-9h192q14 0 23 9t9 23zm384-384v960q0 14-9 23t-23 9h-192q-14 0-23-9t-9-23V672q0-14 9-23t23-9h192q14 0 23 9t9 23zm384-512v1472q0 14-9 23t-23 9h-192q-14 0-23-9t-9-23V160q0-14 9-23t23-9h192q14 0 23 9t9 23z\"><\/path><\/svg><\/span><\/div>\n                <div\n                  data-colibri-id=\"80-c12\" class=\"h-global-transition-all h-heading style-481 style-local-80-c12 position-relative h-element\">\n                  <!---->\n                  <div class=\"h-heading__outer style-481 style-local-80-c12\">\n                    <!---->\n                    <!---->\n                    <h4 class=\"\">Mission<\/h4>\n                  <\/div>\n              <\/div>\n              <div data-colibri-id=\"80-c13\" class=\"h-text h-text-component style-472 style-local-80-c13 position-relative h-element\">\n                <!---->\n                <!---->\n                <div class=\"\">\n                  <p><span style=\"font-weight: 400; font-size: 16px; font-family: &quot;Open Sans&quot;; color: rgb(255, 255, 255);\">To offer our customers diversified products, of quality and at compatible prices, seeking the efficiency and effectiveness of the whole process of sale and after-sale. We seek lasting relationships based on credibility and respect that are built with transparency, honesty, commitment and results.<\/span><\/p>\n                <\/div>\n              <\/div>\n            <\/div>\n          <\/div>\n        <\/div>\n        <div class=\"h-column h-column-container d-flex h-col-lg-4 h-col-md-6 h-col-12 style-469-outer style-local-80-c14-outer\">\n          <div data-colibri-id=\"80-c14\" class=\"d-flex h-flex-basis h-column__inner h-px-lg-3 h-px-md-3 h-px-3 v-inner-lg-3 v-inner-md-3 v-inner-3 style-469 style-local-80-c14 position-relative\">\n            <!---->\n            <!---->\n            <div class=\"w-100 h-y-container h-column__content h-column__v-align flex-basis-100 align-self-lg-start align-self-md-start align-self-start\">\n              <!---->\n              <div data-colibri-id=\"80-c15\" class=\"h-icon style-470 style-local-80-c15 position-relative h-element\">\n                <!----><span class=\"h-svg-icon h-icon__icon style-470-icon style-local-80-c15-icon\"><!--Icon by Ionicons (https:\/\/ionicons.com)--><svg version=\"1.1\" xmlns=\"http:\/\/www.w3.org\/2000\/svg\" xmlns:xlink=\"http:\/\/www.w3.org\/1999\/xlink\" id=\"ios-eye\" viewbox=\"0 0 384 512\"><path d=\"M383 256l1 1-6 6c-21 21-47 48-78 69-36 24-72 36-108 36-83 0-130-49-185-105l-7-7 1-1c39-40 67-64 94-81 32-20 63-30 97-30 83 0 146 60 191 112zm-191 80c44 0 80-36 80-80s-36-80-80-80-80 36-80 80 36 80 80 80zm-6-109c0 19 16 35 35 35 7 0 14-2 19-6 0 27-22 48-48 48s-48-21-48-48 22-48 48-48c-4 5-6 12-6 19z\"><\/path><\/svg><\/span><\/div>\n              <div\n                data-colibri-id=\"80-c16\" class=\"h-global-transition-all h-heading style-326 style-local-80-c16 position-relative h-element\">\n                <!---->\n                <div class=\"h-heading__outer style-326 style-local-80-c16\">\n                  <!---->\n                  <!---->\n                  <h4 class=\"\">Eyesight<\/h4>\n                <\/div>\n            <\/div>\n            <div data-colibri-id=\"80-c17\" class=\"h-text h-text-component style-472 style-local-80-c17 position-relative h-element\">\n              <!---->\n              <!---->\n              <div class=\"\">\n                <p><span style=\"font-weight: 400; font-size: 16px; font-family: &quot;Open Sans&quot;; color: rgb(255, 255, 255);\">To be a competitive, innovative company and attentive to the trends of colored stones, with performance and national and international recognition in its segment.<\/span><\/p>\n              <\/div>\n            <\/div>\n          <\/div>\n        <\/div>\n      <\/div>\n      <div class=\"h-column h-column-container d-flex h-col-lg-4 h-col-md-6 h-col-12 style-469-outer style-local-80-c18-outer\">\n        <div data-colibri-id=\"80-c18\" class=\"d-flex h-flex-basis h-column__inner h-px-lg-3 h-px-md-3 h-px-3 v-inner-lg-3 v-inner-md-3 v-inner-3 style-469 style-local-80-c18 position-relative\">\n          <!---->\n          <!---->\n          <div class=\"w-100 h-y-container h-column__content h-column__v-align flex-basis-100 align-self-lg-start align-self-md-start align-self-start\">\n            <!---->\n            <div data-colibri-id=\"80-c19\" class=\"h-icon style-470 style-local-80-c19 position-relative h-element\">\n              <!----><span class=\"h-svg-icon h-icon__icon style-470-icon style-local-80-c19-icon\"><!--Icon by Icons8 Line Awesome (https:\/\/icons8.com\/line-awesome)--><svg version=\"1.1\" xmlns=\"http:\/\/www.w3.org\/2000\/svg\" xmlns:xlink=\"http:\/\/www.w3.org\/1999\/xlink\" id=\"diamond\" viewbox=\"0 0 512 545.5\"><path d=\"M152.5 128h207l5 6 80 96 8 9.5-8 10.5-176 224-12.5 16-12.5-16-176-224-8-10.5 8-9.5 80-96zm15 32L114 224h69l43-64h-58.5zm118.5 0l43 64h69l-53.5-64H286zm-30 13.5L222 224h68zM112.5 256L218 390.5 180 256h-67.5zm100.5 0l43 149 42.5-149H213zm119 0l-38 134 105.5-134H332z\"><\/path><\/svg><\/span><\/div>\n            <div\n              data-colibri-id=\"80-c20\" class=\"h-global-transition-all h-heading style-326 style-local-80-c20 position-relative h-element\">\n              <!---->\n              <div class=\"h-heading__outer style-326 style-local-80-c20\">\n                <!---->\n                <!---->\n                <h4 class=\"\">Values<\/h4>\n              <\/div>\n          <\/div>\n          <div data-colibri-id=\"80-c21\" class=\"h-text h-text-component style-482 style-local-80-c21 position-relative h-element\">\n            <!---->\n            <!---->\n            <div class=\"\">\n              <p>Ethic<\/p>\n              <p>Honesty<\/p>\n              <p>Commitment<\/p>\n              <p>Customer focus<\/p>\n              <p>Excellence<\/p>\n              <p>Attention to the details <\/p>\n              <p>Quality<\/p>\n            <\/div>\n          <\/div>\n        <\/div>\n      <\/div>\n    <\/div>\n  <\/div>\n<\/div>\n<\/div>\n<\/div>\n<\/div>","protected":false},"excerpt":{"rendered":"<p>10 anos de hist\u00f3ria A Brazil Impex atua a 10 anos com o fornecimento de pedras no mercado interno e externo para fabricantes de joias. As principais pedras que fornecemos s\u00e3o: Esmeralda, Ruby, Safira, Tanzanita, Rubelita, Turmalina Para\u00edba, Morganita, Kunzita, Top\u00e1zio Azul e Quartzo em geral. Lapidamos tamb\u00e9m pedras calibradas para linha de produ\u00e7\u00e3o e [&hellip;]<\/p>","protected":false},"author":1,"featured_media":0,"parent":0,"menu_order":0,"comment_status":"closed","ping_status":"closed","template":"page-templates\/full-width-page.php","meta":[],"_links":{"self":[{"href":"http:\/\/brazilimpex.net\/en\/wp-json\/wp\/v2\/pages\/80"}],"collection":[{"href":"http:\/\/brazilimpex.net\/en\/wp-json\/wp\/v2\/pages"}],"about":[{"href":"http:\/\/brazilimpex.net\/en\/wp-json\/wp\/v2\/types\/page"}],"author":[{"embeddable":true,"href":"http:\/\/brazilimpex.net\/en\/wp-json\/wp\/v2\/users\/1"}],"replies":[{"embeddable":true,"href":"http:\/\/brazilimpex.net\/en\/wp-json\/wp\/v2\/comments?post=80"}],"version-history":[{"count":20,"href":"http:\/\/brazilimpex.net\/en\/wp-json\/wp\/v2\/pages\/80\/revisions"}],"predecessor-version":[{"id":4310,"href":"http:\/\/brazilimpex.net\/en\/wp-json\/wp\/v2\/pages\/80\/revisions\/4310"}],"wp:attachment":[{"href":"http:\/\/brazilimpex.net\/en\/wp-json\/wp\/v2\/media?parent=80"}],"curies":[{"name":"wp","href":"https:\/\/api.w.org\/{rel}","templated":true}]}}